{"id":28,"date":"2026-02-09T21:28:04","date_gmt":"2026-02-09T20:28:04","guid":{"rendered":"https:\/\/VCELARSTVI-PSARY.CZ\/?page_id=28"},"modified":"2026-02-09T22:13:08","modified_gmt":"2026-02-09T21:13:08","slug":"uvod","status":"publish","type":"page","link":"https:\/\/VCELARSTVI-PSARY.CZ\/","title":{"rendered":"\u00davod"},"content":{"rendered":"<style>.kb-row-layout-id28_b7b5f8-ed > .kt-row-column-wrap{align-content:start;}:where(.kb-row-layout-id28_b7b5f8-ed > .kt-row-column-wrap) > .wp-block-kadence-column{justify-content:start;}.kb-row-layout-id28_b7b5f8-ed > .kt-row-column-wrap{column-gap:var(--global-kb-gap-md, 2rem);row-gap:var(--global-kb-gap-md, 2rem);padding-top:var(--global-kb-spacing-sm, 1.5rem);padding-bottom:var(--global-kb-spacing-sm, 1.5rem);grid-template-columns:minmax(0, 1fr);}.kb-row-layout-id28_b7b5f8-ed > .kt-row-layout-overlay{opacity:0.30;}@media all and (max-width: 1024px){.kb-row-layout-id28_b7b5f8-ed > .kt-row-column-wrap{grid-template-columns:minmax(0, 1fr);}}@media all and (max-width: 767px){.kb-row-layout-id28_b7b5f8-ed > .kt-row-column-wrap{grid-template-columns:minmax(0, 1fr);}}<\/style><div class=\"kb-row-layout-wrap kb-row-layout-id28_b7b5f8-ed alignnone wp-block-kadence-rowlayout\"><div class=\"kt-row-column-wrap kt-has-1-columns kt-row-layout-equal kt-tab-layout-inherit kt-mobile-layout-row kt-row-valign-top\">\n<style>.kadence-column28_da8f46-4b > .kt-inside-inner-col,.kadence-column28_da8f46-4b > .kt-inside-inner-col:before{border-top-left-radius:0px;border-top-right-radius:0px;border-bottom-right-radius:0px;border-bottom-left-radius:0px;}.kadence-column28_da8f46-4b > .kt-inside-inner-col{column-gap:var(--global-kb-gap-sm, 1rem);}.kadence-column28_da8f46-4b > .kt-inside-inner-col{flex-direction:column;}.kadence-column28_da8f46-4b > .kt-inside-inner-col > .aligncenter{width:100%;}.kadence-column28_da8f46-4b > .kt-inside-inner-col:before{opacity:0.3;}.kadence-column28_da8f46-4b{position:relative;}@media all and (max-width: 1024px){.kadence-column28_da8f46-4b > .kt-inside-inner-col{flex-direction:column;justify-content:center;}}@media all and (max-width: 767px){.kadence-column28_da8f46-4b > .kt-inside-inner-col{flex-direction:column;justify-content:center;}}<\/style>\n<div class=\"wp-block-kadence-column kadence-column28_da8f46-4b\"><div class=\"kt-inside-inner-col\">\n<figure class=\"wp-block-image size-full is-resized\"><img loading=\"lazy\" decoding=\"async\" width=\"1024\" height=\"213\" src=\"https:\/\/VCELARSTVI-PSARY.CZ\/wp-content\/uploads\/2026\/02\/cesna2.jpg\" alt=\"\" class=\"wp-image-36\" style=\"width:1178px;height:auto\" srcset=\"https:\/\/VCELARSTVI-PSARY.CZ\/wp-content\/uploads\/2026\/02\/cesna2.jpg 1024w, https:\/\/VCELARSTVI-PSARY.CZ\/wp-content\/uploads\/2026\/02\/cesna2-300x62.jpg 300w, https:\/\/VCELARSTVI-PSARY.CZ\/wp-content\/uploads\/2026\/02\/cesna2-768x160.jpg 768w\" sizes=\"auto, (max-width: 1024px) 100vw, 1024px\" \/><\/figure>\n<\/div><\/div>\n\n<\/div><\/div>\n\n\n<p><\/p>\n\n\n\n<p><strong>\u00davod &#8211; v\u00edtejte na str\u00e1nk\u00e1ch oby\u010dejn\u00e9ho v\u010dela\u0159stv\u00ed s neoby\u010dejn\u00fdm v\u010dela\u0159em :-)))<\/strong><\/p>\n\n\n\n<p>Nev\u00edm co se zde v\u017edycky p\u00ed\u0161e, v\u00edt\u00e1me V\u00e1s? zdrav\u00edme V\u00e1s, v\u00edtejte???<\/p>\n\n\n\n<p>V\u017edycky se mi to zd\u00e1 kli\u0161\u00e9 a \u010dlov\u011bk to p\u0159ehl\u00eddne o\u010dima a jde d\u00e1l :-)))<\/p>\n\n\n\n<p>Ano m\u011bl bych se dr\u017eet zaveden\u00fdch postup\u016f, ale jde dr\u017eet postupy v dne\u0161n\u00ed dob\u011b, kdy i v\u010dela\u0159stv\u00ed se m\u011bn\u00ed ze dne na den??<\/p>\n\n\n\n<p>Ano najdete u n\u00e1s vynikajic\u00ed, skv\u011bl\u00fd a neoby\u010dejn\u011b oby\u010dejn\u00fd med, kter\u00fd poch\u00e1z\u00ed tady od v\u00e1s, z Va\u0161eho okol\u00ed Ps\u00e1r.<\/p>\n\n\n\n<p>A ano m\u00e1me je\u0161t\u011b jedno stanovi\u0161t\u011b, na \u0160umav\u011b, ale to mus\u00edme znovu osadit v\u010delami (2026). Pro\u010d?? Prost\u011b nefungovala l\u00e9\u010diva a d\u00edky podnik\u00e1n\u00ed nebyl \u010das to napravit.<\/p>\n\n\n\n<p>Med kter\u00fd si m\u016f\u017eete namazat na chleba, med, po kter\u00e9m Va\u0161e d\u011bti budou m\u00edt upatlan\u00e9 prst\u00ed\u010dky, med kter\u00fd v\u00e1m vytvo\u0159\u00ed \u00fasm\u011bv na tv\u00e1\u0159i, med kter\u00fd pohlad\u00ed na jazyku, srdci a du\u0161i.<\/p>\n\n\n\n<p>Med kter\u00fd si s klidn\u00fdm sv\u011bdom\u00edm d\u00e1te do \u010daje, do k\u00e1vy , na vafle&#8230; jen mi ne\u0159\u00edkejte, \u017ee ho d\u00e1te do pern\u00ed\u010dk\u016f :-)))) Ale i medovn\u00edk je z n\u011bj skv\u011blej :-)) <\/p>\n\n\n\n<p><\/p>\n\n\n\n<p><\/p>\n\n\n\n<p>Ano v\u00edm, \u017ee bych se m\u011bl dr\u017eet klasick\u00fdch odstavc\u016f, chv\u00e1lit se do nebes, ale po\u0159\u00e1d d\u011bl\u00e1me to co se od n\u00e1s o\u010dek\u00e1v\u00e1, tak kone\u010dn\u011b V\u00edtejte na str\u00e1nk\u00e1ch V\u010dela\u0159stv\u00ed Ps\u00e1ry, v\u010dela\u0159e Jana Soukupa, jeho pr\u00e1ci a jeho my\u0161lenk\u00e1ch :-))))<\/p>\n\n\n\n<p><\/p>\n\n\n\n<p><\/p>\n","protected":false},"excerpt":{"rendered":"<p>\u00davod &#8211; v\u00edtejte na str\u00e1nk\u00e1ch oby\u010dejn\u00e9ho v\u010dela\u0159stv\u00ed s neoby\u010dejn\u00fdm v\u010dela\u0159em :-))) Nev\u00edm co se zde v\u017edycky p\u00ed\u0161e, v\u00edt\u00e1me V\u00e1s? zdrav\u00edme V\u00e1s, v\u00edtejte??? V\u017edycky se mi to zd\u00e1 kli\u0161\u00e9 a \u010dlov\u011bk to p\u0159ehl\u00eddne o\u010dima a jde d\u00e1l :-))) Ano m\u011bl bych se dr\u017eet zaveden\u00fdch postup\u016f, ale jde dr\u017eet postupy v dne\u0161n\u00ed dob\u011b, kdy i v\u010dela\u0159stv\u00ed se&#8230;<\/p>\n","protected":false},"author":1,"featured_media":30,"parent":0,"menu_order":0,"comment_status":"closed","ping_status":"closed","template":"","meta":{"_kad_post_transparent":"","_kad_post_title":"","_kad_post_layout":"","_kad_post_sidebar_id":"","_kad_post_content_style":"","_kad_post_vertical_padding":"","_kad_post_feature":"","_kad_post_feature_position":"","_kad_post_header":false,"_kad_post_footer":false,"_kad_post_classname":"","footnotes":""},"class_list":["post-28","page","type-page","status-publish","has-post-thumbnail","hentry"],"_links":{"self":[{"href":"https:\/\/VCELARSTVI-PSARY.CZ\/index.php?rest_route=\/wp\/v2\/pages\/28","targetHints":{"allow":["GET"]}}],"collection":[{"href":"https:\/\/VCELARSTVI-PSARY.CZ\/index.php?rest_route=\/wp\/v2\/pages"}],"about":[{"href":"https:\/\/VCELARSTVI-PSARY.CZ\/index.php?rest_route=\/wp\/v2\/types\/page"}],"author":[{"embeddable":true,"href":"https:\/\/VCELARSTVI-PSARY.CZ\/index.php?rest_route=\/wp\/v2\/users\/1"}],"replies":[{"embeddable":true,"href":"https:\/\/VCELARSTVI-PSARY.CZ\/index.php?rest_route=%2Fwp%2Fv2%2Fcomments&post=28"}],"version-history":[{"count":5,"href":"https:\/\/VCELARSTVI-PSARY.CZ\/index.php?rest_route=\/wp\/v2\/pages\/28\/revisions"}],"predecessor-version":[{"id":38,"href":"https:\/\/VCELARSTVI-PSARY.CZ\/index.php?rest_route=\/wp\/v2\/pages\/28\/revisions\/38"}],"wp:featuredmedia":[{"embeddable":true,"href":"https:\/\/VCELARSTVI-PSARY.CZ\/index.php?rest_route=\/wp\/v2\/media\/30"}],"wp:attachment":[{"href":"https:\/\/VCELARSTVI-PSARY.CZ\/index.php?rest_route=%2Fwp%2Fv2%2Fmedia&parent=28"}],"curies":[{"name":"wp","href":"https:\/\/api.w.org\/{rel}","templated":true}]}}