{"id":41,"date":"2026-02-09T22:26:43","date_gmt":"2026-02-09T21:26:43","guid":{"rendered":"https:\/\/VCELARSTVI-PSARY.CZ\/?page_id=41"},"modified":"2026-02-09T22:34:51","modified_gmt":"2026-02-09T21:34:51","slug":"vcelar","status":"publish","type":"page","link":"https:\/\/VCELARSTVI-PSARY.CZ\/?page_id=41","title":{"rendered":"V\u010dela\u0159"},"content":{"rendered":"\n<p>Jan Soukup <\/p>\n\n\n\n<p>(*197* prost\u011b n\u011bco p\u0159ed koncem stolet\u00ed :-))) )<\/p>\n\n\n\n<p><\/p>\n\n\n\n<p>1995 &#8211; vyu\u010den \u0159ezn\u00edk<\/p>\n\n\n\n<p>(slab\u00e9 povahy ne\u010dtou)<\/p>\n\n\n\n<p>1997 &#8211; maturita <\/p>\n\n\n\n<p>(pr\u00fd mistr \u0159eznick\u00fd)<\/p>\n\n\n\n<p>2005 &#8211; za\u010d\u00e1tek v\u010dela\u0159en\u00ed<\/p>\n\n\n\n<p>2010 &#8211; vyu\u010den v\u010dela\u0159<\/p>\n\n\n\n<p>2011 &#8211; u\u010ditel v\u010dela\u0159stv\u00ed<\/p>\n\n\n\n<p>2018 &#8211;  p\u0159estal b\u00fdt u\u010ditelem v\u010dela\u0159stv\u00ed<\/p>\n\n\n\n<p>2018 &#8211; veden\u00ed eshopu<\/p>\n\n\n\n<p>\ud83d\udc49 <a href=\"https:\/\/www.krmivasoukup.cz\">https:\/\/www.krmivasoukup.cz<\/a><\/p>\n\n\n\n<p>2023 &#8211; p\u0159edseda ZO \u010cSV J\u00edlov\u00e9 u Prahy <\/p>\n\n\n\n<p>\ud83d\udc49<a href=\"https:\/\/www.vcelari-jilove.cz\">https:\/\/www.vcelari-jilove.cz<\/a><\/p>\n\n\n\n<p><\/p>\n\n\n\n<p>V\u011b\u010dn\u00fd sn\u00edlek a knihomol. <\/p>\n\n\n\n<p>Historie, pr\u00e1ce se d\u0159evem, dobr\u00e9 j\u00eddlo, chalupa, p\u0159\u00edroda&#8230;.<\/p>\n\n\n\n<p>a n\u011bkde mezi t\u00edm v\u010dely.<\/p>\n\n\n\n<p><\/p>\n\n\n\n<p>Chcete fotku???? Tak jo <img decoding=\"async\" class=\"wp-image-43\" style=\"width: NaNpx;\" src=\"https:\/\/VCELARSTVI-PSARY.CZ\/wp-content\/uploads\/2026\/02\/20250525_183142832_iOS.heic\" alt=\"\"><\/p>\n\n\n\n<figure class=\"wp-block-image size-large\"><img loading=\"lazy\" decoding=\"async\" width=\"768\" height=\"1024\" src=\"https:\/\/VCELARSTVI-PSARY.CZ\/wp-content\/uploads\/2026\/02\/20250525_183142832_iOS2-768x1024.jpg\" alt=\"\" class=\"wp-image-46\" srcset=\"https:\/\/VCELARSTVI-PSARY.CZ\/wp-content\/uploads\/2026\/02\/20250525_183142832_iOS2-768x1024.jpg 768w, https:\/\/VCELARSTVI-PSARY.CZ\/wp-content\/uploads\/2026\/02\/20250525_183142832_iOS2-225x300.jpg 225w, https:\/\/VCELARSTVI-PSARY.CZ\/wp-content\/uploads\/2026\/02\/20250525_183142832_iOS2-1152x1536.jpg 1152w, https:\/\/VCELARSTVI-PSARY.CZ\/wp-content\/uploads\/2026\/02\/20250525_183142832_iOS2-1536x2048.jpg 1536w, https:\/\/VCELARSTVI-PSARY.CZ\/wp-content\/uploads\/2026\/02\/20250525_183142832_iOS2-scaled.jpg 1920w\" sizes=\"auto, (max-width: 768px) 100vw, 768px\" \/><\/figure>\n","protected":false},"excerpt":{"rendered":"<p>Jan Soukup (*197* prost\u011b n\u011bco p\u0159ed koncem stolet\u00ed :-))) ) 1995 &#8211; vyu\u010den \u0159ezn\u00edk (slab\u00e9 povahy ne\u010dtou) 1997 &#8211; maturita (pr\u00fd mistr \u0159eznick\u00fd) 2005 &#8211; za\u010d\u00e1tek v\u010dela\u0159en\u00ed 2010 &#8211; vyu\u010den v\u010dela\u0159 2011 &#8211; u\u010ditel v\u010dela\u0159stv\u00ed 2018 &#8211; p\u0159estal b\u00fdt u\u010ditelem v\u010dela\u0159stv\u00ed 2018 &#8211; veden\u00ed eshopu \ud83d\udc49 https:\/\/www.krmivasoukup.cz 2023 &#8211; p\u0159edseda ZO \u010cSV J\u00edlov\u00e9 u Prahy&#8230;<\/p>\n","protected":false},"author":1,"featured_media":0,"parent":0,"menu_order":0,"comment_status":"closed","ping_status":"closed","template":"","meta":{"_kad_post_transparent":"","_kad_post_title":"","_kad_post_layout":"","_kad_post_sidebar_id":"","_kad_post_content_style":"","_kad_post_vertical_padding":"","_kad_post_feature":"","_kad_post_feature_position":"","_kad_post_header":false,"_kad_post_footer":false,"_kad_post_classname":"","footnotes":""},"class_list":["post-41","page","type-page","status-publish","hentry"],"_links":{"self":[{"href":"https:\/\/VCELARSTVI-PSARY.CZ\/index.php?rest_route=\/wp\/v2\/pages\/41","targetHints":{"allow":["GET"]}}],"collection":[{"href":"https:\/\/VCELARSTVI-PSARY.CZ\/index.php?rest_route=\/wp\/v2\/pages"}],"about":[{"href":"https:\/\/VCELARSTVI-PSARY.CZ\/index.php?rest_route=\/wp\/v2\/types\/page"}],"author":[{"embeddable":true,"href":"https:\/\/VCELARSTVI-PSARY.CZ\/index.php?rest_route=\/wp\/v2\/users\/1"}],"replies":[{"embeddable":true,"href":"https:\/\/VCELARSTVI-PSARY.CZ\/index.php?rest_route=%2Fwp%2Fv2%2Fcomments&post=41"}],"version-history":[{"count":5,"href":"https:\/\/VCELARSTVI-PSARY.CZ\/index.php?rest_route=\/wp\/v2\/pages\/41\/revisions"}],"predecessor-version":[{"id":49,"href":"https:\/\/VCELARSTVI-PSARY.CZ\/index.php?rest_route=\/wp\/v2\/pages\/41\/revisions\/49"}],"wp:attachment":[{"href":"https:\/\/VCELARSTVI-PSARY.CZ\/index.php?rest_route=%2Fwp%2Fv2%2Fmedia&parent=41"}],"curies":[{"name":"wp","href":"https:\/\/api.w.org\/{rel}","templated":true}]}}